{"id":6713,"date":"2021-04-18T17:01:31","date_gmt":"2021-04-18T10:01:31","guid":{"rendered":"https:\/\/sankyo.com.vn\/vi\/?post_type=product&#038;p=6713"},"modified":"2021-04-26T21:43:11","modified_gmt":"2021-04-26T14:43:11","slug":"quat-treo-18-2-day-motor-b5_4","status":"publish","type":"product","link":"https:\/\/sankyo.com.vn\/vi\/san-pham\/quat-treo-18-2-day-motor-b5_4\/","title":{"rendered":"QU\u1ea0T TREO CN B4"},"content":{"rendered":"<ul>\n<li><span data-sheets-value=\"{\" data-sheets-userformat=\"{\">Thi\u1ebft k\u1ebf treo t\u01b0\u1eddng, ti\u1ebft ki\u1ec7m di\u1ec7n t\u00edch<\/span><\/li>\n<li><span data-sheets-value=\"{\" data-sheets-userformat=\"{\">C\u00f4ng su\u1ea5t 45W v\u1edbi 3 ch\u1ebf \u0111\u1ed9 gi\u00f3 ph\u00f9 h\u1ee3p v\u1edbi kh\u00f4ng gian r\u1ed9ng<\/span><\/li>\n<li><span data-sheets-value=\"{\" data-sheets-userformat=\"{\">Thi\u1ebft k\u1ebf 1 d\u00e2y \u0111i\u1ec1u khi\u1ec3n t\u1ed1c \u0111\u1ed9 ti\u1ec7n d\u1ee5ng<\/span><\/li>\n<li><span data-sheets-value=\"{\" data-sheets-userformat=\"{\">K\u00edch th\u01b0\u1edbc s\u1ea3i 40cm v\u1edbi l\u01b0u l\u01b0\u1ee3ng gi\u00f3 l\u1edbn<\/span><\/li>\n<li><span data-sheets-value=\"{\" data-sheets-userformat=\"{\">\u0110\u1ed9ng c\u01a1 100% d\u00e2y \u0111\u1ed3ng, b\u1ec1n b\u1ec9<\/span><\/li>\n<li><span data-sheets-value=\"{\" data-sheets-userformat=\"{\">Ti\u1ebft ki\u1ec7m \u0111i\u1ec7n n\u0103ng v\u1edbi h\u1ec7 th\u1ed1ng b\u1ea3o v\u1ec7 \u0111\u1ed9ng c\u01a1 ho\u1ea1t \u0111\u1ed9ng \u1ed5n \u0111\u1ecbnh<\/span><\/li>\n<li><span data-sheets-value=\"{\" data-sheets-userformat=\"{\">V\u1eadn h\u00e0nh \u00eam \u00e1i t\u1ea1o c\u1ea3m gi\u00e1c tho\u1ea3i m\u00e1i, th\u01b0 gi\u00e3n<\/span><\/li>\n<li><span data-sheets-value=\"{\" data-sheets-userformat=\"{\">Th\u00e2n qu\u1ea1t b\u1eb1ng s\u1eaft cao c\u1ea5p b\u1ec1n, nh\u1eb9, d\u1ec5 d\u00e0ng di chuy\u1ec3n<\/span><\/li>\n<\/ul>\n","protected":false},"excerpt":{"rendered":"<p>Thi\u1ebft k\u1ebf treo t\u01b0\u1eddng, ti\u1ebft ki\u1ec7m di\u1ec7n t\u00edch C\u00f4ng su\u1ea5t 45W v\u1edbi 3 ch\u1ebf \u0111\u1ed9 gi\u00f3 ph\u00f9 h\u1ee3p v\u1edbi kh\u00f4ng gian r\u1ed9ng Thi\u1ebft k\u1ebf 1 d\u00e2y \u0111i\u1ec1u khi\u1ec3n t\u1ed1c \u0111\u1ed9 ti\u1ec7n d\u1ee5ng K\u00edch th\u01b0\u1edbc s\u1ea3i 40cm v\u1edbi l\u01b0u l\u01b0\u1ee3ng gi\u00f3 l\u1edbn \u0110\u1ed9ng c\u01a1 100% d\u00e2y \u0111\u1ed3ng, b\u1ec1n b\u1ec9 Ti\u1ebft ki\u1ec7m \u0111i\u1ec7n n\u0103ng v\u1edbi h\u1ec7 th\u1ed1ng [&#8230;]\n","protected":false},"featured_media":6573,"comment_status":"open","ping_status":"closed","template":"","meta":[],"class_list":["post-6713","product","type-product","status-publish","has-post-thumbnail","hentry","product_cat-quat-treo","pa_product-category-quat-treo","pa_product-color-black","rtwpvg-product"],"_links":{"self":[{"href":"https:\/\/sankyo.com.vn\/vi\/wp-json\/wp\/v2\/product\/6713","targetHints":{"allow":["GET"]}}],"collection":[{"href":"https:\/\/sankyo.com.vn\/vi\/wp-json\/wp\/v2\/product"}],"about":[{"href":"https:\/\/sankyo.com.vn\/vi\/wp-json\/wp\/v2\/types\/product"}],"replies":[{"embeddable":true,"href":"https:\/\/sankyo.com.vn\/vi\/wp-json\/wp\/v2\/comments?post=6713"}],"wp:featuredmedia":[{"embeddable":true,"href":"https:\/\/sankyo.com.vn\/vi\/wp-json\/wp\/v2\/media\/6573"}],"wp:attachment":[{"href":"https:\/\/sankyo.com.vn\/vi\/wp-json\/wp\/v2\/media?parent=6713"}],"curies":[{"name":"wp","href":"https:\/\/api.w.org\/{rel}","templated":true}]}}