{"id":6588,"date":"2021-04-18T02:04:33","date_gmt":"2021-04-17T19:04:33","guid":{"rendered":"https:\/\/sankyo.com.vn\/vi\/?post_type=product&#038;p=6588"},"modified":"2021-10-23T08:49:10","modified_gmt":"2021-10-23T01:49:10","slug":"quat-treo-01-chuyen-huong-co_2_2","status":"publish","type":"product","link":"https:\/\/sankyo.com.vn\/vi\/san-pham\/quat-treo-01-chuyen-huong-co_2_2\/","title":{"rendered":"QU\u1ea0T TREO 01 (CHUY\u1ec2N H\u01af\u1edaNG C\u01a0)"},"content":{"rendered":"<ul>\n<li><span data-sheets-value=\"{\" data-sheets-userformat=\"{\">Thi\u1ebft k\u1ebf treo t\u01b0\u1eddng, ti\u1ebft ki\u1ec7m di\u1ec7n t\u00edch cho kh\u00f4ng gian<\/span><\/li>\n<li><span data-sheets-value=\"{\" data-sheets-userformat=\"{\">C\u00f4ng su\u1ea5t 45W v\u1edbi 3 ch\u1ebf \u0111\u1ed9 gi\u00f3 t\u00f9y ch\u1ec9nh<\/span><\/li>\n<li><span data-sheets-value=\"{\" data-sheets-userformat=\"{\">\u0110\u1ed9ng c\u01a1 100% d\u00e2y \u0111\u1ed3ng, b\u1ec1n b\u1ec9<\/span><\/li>\n<li><span data-sheets-value=\"{\" data-sheets-userformat=\"{\">Ti\u1ebft ki\u1ec7m \u0111i\u1ec7n n\u0103ng v\u1edbi h\u1ec7 th\u1ed1ng b\u1ea3o v\u1ec7 \u0111\u1ed9ng c\u01a1 ho\u1ea1t \u0111\u1ed9ng \u1ed5n \u0111\u1ecbnh<\/span><\/li>\n<li><span data-sheets-value=\"{\" data-sheets-userformat=\"{\">V\u1eadn h\u00e0nh \u00eam \u00e1i t\u1ea1o c\u1ea3m gi\u00e1c tho\u1ea3i m\u00e1i, th\u01b0 gi\u00e3n<\/span><\/li>\n<li><span data-sheets-value=\"{\" data-sheets-userformat=\"{\">Ch\u1ea5t li\u1ec7u nh\u1ef1a cao c\u1ea5p b\u1ec1n, nh\u1eb9, d\u1ec5 d\u00e0ng di chuy\u1ec3n<\/span><\/li>\n<\/ul>\n","protected":false},"excerpt":{"rendered":"<p>Thi\u1ebft k\u1ebf treo t\u01b0\u1eddng, ti\u1ebft ki\u1ec7m di\u1ec7n t\u00edch cho kh\u00f4ng gian C\u00f4ng su\u1ea5t 45W v\u1edbi 3 ch\u1ebf \u0111\u1ed9 gi\u00f3 t\u00f9y ch\u1ec9nh \u0110\u1ed9ng c\u01a1 100% d\u00e2y \u0111\u1ed3ng, b\u1ec1n b\u1ec9 Ti\u1ebft ki\u1ec7m \u0111i\u1ec7n n\u0103ng v\u1edbi h\u1ec7 th\u1ed1ng b\u1ea3o v\u1ec7 \u0111\u1ed9ng c\u01a1 ho\u1ea1t \u0111\u1ed9ng \u1ed5n \u0111\u1ecbnh V\u1eadn h\u00e0nh \u00eam \u00e1i t\u1ea1o c\u1ea3m gi\u00e1c tho\u1ea3i m\u00e1i, th\u01b0 gi\u00e3n Ch\u1ea5t [&#8230;]\n","protected":false},"featured_media":6605,"comment_status":"open","ping_status":"closed","template":"","meta":[],"class_list":["post-6588","product","type-product","status-publish","has-post-thumbnail","hentry","product_cat-quat-treo","pa_product-category-quat-treo","pa_product-color-green","pa_product-color-pastel-green","pa_product-color-sky-blue","pa_product-color-tuquoise-blue","rtwpvg-product"],"_links":{"self":[{"href":"https:\/\/sankyo.com.vn\/vi\/wp-json\/wp\/v2\/product\/6588","targetHints":{"allow":["GET"]}}],"collection":[{"href":"https:\/\/sankyo.com.vn\/vi\/wp-json\/wp\/v2\/product"}],"about":[{"href":"https:\/\/sankyo.com.vn\/vi\/wp-json\/wp\/v2\/types\/product"}],"replies":[{"embeddable":true,"href":"https:\/\/sankyo.com.vn\/vi\/wp-json\/wp\/v2\/comments?post=6588"}],"wp:featuredmedia":[{"embeddable":true,"href":"https:\/\/sankyo.com.vn\/vi\/wp-json\/wp\/v2\/media\/6605"}],"wp:attachment":[{"href":"https:\/\/sankyo.com.vn\/vi\/wp-json\/wp\/v2\/media?parent=6588"}],"curies":[{"name":"wp","href":"https:\/\/api.w.org\/{rel}","templated":true}]}}