{"id":6574,"date":"2021-04-18T01:55:58","date_gmt":"2021-04-17T18:55:58","guid":{"rendered":"https:\/\/sankyo.com.vn\/vi\/?post_type=product&#038;p=6574"},"modified":"2022-11-08T08:33:58","modified_gmt":"2022-11-08T01:33:58","slug":"quat-treo-tr323-remote","status":"publish","type":"product","link":"https:\/\/sankyo.com.vn\/vi\/san-pham\/quat-treo-tr323-remote\/","title":{"rendered":"QU\u1ea0T TREO TR323 (REMOTE)"},"content":{"rendered":"<ul>\n<li><span data-sheets-value=\"{\" data-sheets-userformat=\"{\">Thi\u1ebft k\u1ebf treo t\u01b0\u1eddng, ti\u1ebft ki\u1ec7m di\u1ec7n t\u00edch<\/span><\/li>\n<li><span data-sheets-value=\"{\" data-sheets-userformat=\"{\">Ch\u1ebf \u0111\u1ed9 h\u1eb9n gi\u1edd linh ho\u1ea1t l\u00ean \u0111\u1ebfn 4 ti\u1ebfng<\/span><\/li>\n<li><span data-sheets-value=\"{\" data-sheets-userformat=\"{\">C\u00f4ng su\u1ea5t 45W v\u1edbi 3 ch\u1ebf \u0111\u1ed9 gi\u00f3 ph\u00f9 h\u1ee3p v\u1edbi kh\u00f4ng gian r\u1ed9ng<\/span><\/li>\n<li><span data-sheets-value=\"{\" data-sheets-userformat=\"{\">C\u00f3 \u0111i\u1ec1u khi\u1ec3n \u0111\u1ec3 \u0111i\u1ec1u ch\u1ec9nh ch\u1ebf \u0111\u1ed9 gi\u00f3 ti\u1ec7n d\u1ee5ng<\/span><\/li>\n<li><span data-sheets-value=\"{\" data-sheets-userformat=\"{\">\u0110\u1ed9ng c\u01a1 100% d\u00e2y \u0111\u1ed3ng, b\u1ec1n b\u1ec9<\/span><\/li>\n<li><span data-sheets-value=\"{\" data-sheets-userformat=\"{\">Ti\u1ebft ki\u1ec7m \u0111i\u1ec7n n\u0103ng v\u1edbi h\u1ec7 th\u1ed1ng b\u1ea3o v\u1ec7 \u0111\u1ed9ng c\u01a1 ho\u1ea1t \u0111\u1ed9ng \u1ed5n \u0111\u1ecbnh<\/span><\/li>\n<li><span data-sheets-value=\"{\" data-sheets-userformat=\"{\">V\u1eadn h\u00e0nh \u00eam \u00e1i t\u1ea1o c\u1ea3m gi\u00e1c tho\u1ea3i m\u00e1i, th\u01b0 gi\u00e3n<\/span><\/li>\n<li><span data-sheets-value=\"{\" data-sheets-userformat=\"{\">Ch\u1ea5t li\u1ec7u nh\u1ef1a cao c\u1ea5p b\u1ec1n, nh\u1eb9, d\u1ec5 d\u00e0ng di chuy\u1ec3n&#8221;<\/span><\/li>\n<\/ul>\n","protected":false},"excerpt":{"rendered":"<p>Thi\u1ebft k\u1ebf treo t\u01b0\u1eddng, ti\u1ebft ki\u1ec7m di\u1ec7n t\u00edch Ch\u1ebf \u0111\u1ed9 h\u1eb9n gi\u1edd linh ho\u1ea1t l\u00ean \u0111\u1ebfn 4 ti\u1ebfng C\u00f4ng su\u1ea5t 45W v\u1edbi 3 ch\u1ebf \u0111\u1ed9 gi\u00f3 ph\u00f9 h\u1ee3p v\u1edbi kh\u00f4ng gian r\u1ed9ng C\u00f3 \u0111i\u1ec1u khi\u1ec3n \u0111\u1ec3 \u0111i\u1ec1u ch\u1ec9nh ch\u1ebf \u0111\u1ed9 gi\u00f3 ti\u1ec7n d\u1ee5ng \u0110\u1ed9ng c\u01a1 100% d\u00e2y \u0111\u1ed3ng, b\u1ec1n b\u1ec9 Ti\u1ebft ki\u1ec7m \u0111i\u1ec7n n\u0103ng v\u1edbi [&#8230;]\n","protected":false},"featured_media":6580,"comment_status":"open","ping_status":"closed","template":"","meta":[],"class_list":["post-6574","product","type-product","status-publish","has-post-thumbnail","hentry","product_cat-quat-treo","pa_product-category-quat-treo","pa_product-color-grey","pa_product-color-sky-blue","pa_product-color-tuquoise-blue","rtwpvg-product"],"_links":{"self":[{"href":"https:\/\/sankyo.com.vn\/vi\/wp-json\/wp\/v2\/product\/6574","targetHints":{"allow":["GET"]}}],"collection":[{"href":"https:\/\/sankyo.com.vn\/vi\/wp-json\/wp\/v2\/product"}],"about":[{"href":"https:\/\/sankyo.com.vn\/vi\/wp-json\/wp\/v2\/types\/product"}],"replies":[{"embeddable":true,"href":"https:\/\/sankyo.com.vn\/vi\/wp-json\/wp\/v2\/comments?post=6574"}],"wp:featuredmedia":[{"embeddable":true,"href":"https:\/\/sankyo.com.vn\/vi\/wp-json\/wp\/v2\/media\/6580"}],"wp:attachment":[{"href":"https:\/\/sankyo.com.vn\/vi\/wp-json\/wp\/v2\/media?parent=6574"}],"curies":[{"name":"wp","href":"https:\/\/api.w.org\/{rel}","templated":true}]}}