{"id":6213,"date":"2021-04-14T12:57:00","date_gmt":"2021-04-14T05:57:00","guid":{"rendered":"https:\/\/sankyo.com.vn\/vi\/?post_type=product&#038;p=6213"},"modified":"2022-11-08T09:00:59","modified_gmt":"2022-11-08T02:00:59","slug":"quat-tran-dao-109-chuyen-huong-dien","status":"publish","type":"product","link":"https:\/\/sankyo.com.vn\/vi\/san-pham\/quat-tran-dao-109-chuyen-huong-dien\/","title":{"rendered":"QU\u1ea0T TR\u1ea6N \u0110\u1ea2O 109 (CHUY\u1ec2N H\u01af\u1edaNG \u0110I\u1ec6N)"},"content":{"rendered":"<ul>\n<li><span data-sheets-value=\"{\" data-sheets-userformat=\"{\">Thi\u1ebft k\u1ebf nh\u1ecf g\u1ecdn h\u00ecnh oval, kh\u00f4ng chi\u1ebfm nhi\u1ec1u kh\u00f4ng gian<\/span><\/li>\n<li><span data-sheets-value=\"{\" data-sheets-userformat=\"{\">C\u00f4ng su\u1ea5t 45W v\u1edbi 3 ch\u1ebf \u0111\u1ed9 gi\u00f3 t\u00f9y ch\u1ec9nh<\/span><\/li>\n<li><span data-sheets-value=\"{\" data-sheets-userformat=\"{\">\u0110\u1ed9ng c\u01a1 100% d\u00e2y \u0111\u1ed3ng, b\u1ec1n b\u1ec9<\/span><\/li>\n<li><span data-sheets-value=\"{\" data-sheets-userformat=\"{\">Ti\u1ebft ki\u1ec7m \u0111i\u1ec7n n\u0103ng v\u1edbi h\u1ec7 th\u1ed1ng b\u1ea3o v\u1ec7 \u0111\u1ed9ng c\u01a1 ho\u1ea1t \u0111\u1ed9ng \u1ed5n \u0111\u1ecbnh<\/span><\/li>\n<li><span data-sheets-value=\"{\" data-sheets-userformat=\"{\">V\u1eadn h\u00e0nh \u00eam \u00e1i t\u1ea1o c\u1ea3m gi\u00e1c tho\u1ea3i m\u00e1i, th\u01b0 gi\u00e3n<br \/>\n<\/span><\/li>\n<\/ul>\n","protected":false},"excerpt":{"rendered":"<p>Thi\u1ebft k\u1ebf nh\u1ecf g\u1ecdn h\u00ecnh oval, kh\u00f4ng chi\u1ebfm nhi\u1ec1u kh\u00f4ng gian C\u00f4ng su\u1ea5t 45W v\u1edbi 3 ch\u1ebf \u0111\u1ed9 gi\u00f3 t\u00f9y ch\u1ec9nh \u0110\u1ed9ng c\u01a1 100% d\u00e2y \u0111\u1ed3ng, b\u1ec1n b\u1ec9 Ti\u1ebft ki\u1ec7m \u0111i\u1ec7n n\u0103ng v\u1edbi h\u1ec7 th\u1ed1ng b\u1ea3o v\u1ec7 \u0111\u1ed9ng c\u01a1 ho\u1ea1t \u0111\u1ed9ng \u1ed5n \u0111\u1ecbnh V\u1eadn h\u00e0nh \u00eam \u00e1i t\u1ea1o c\u1ea3m gi\u00e1c tho\u1ea3i m\u00e1i, th\u01b0 gi\u00e3n<\/p>\n","protected":false},"featured_media":6208,"comment_status":"open","ping_status":"closed","template":"","meta":[],"class_list":["post-6213","product","type-product","status-publish","has-post-thumbnail","hentry","product_cat-quat-dao","pa_product-category-quat-dao","pa_product-color-grey","rtwpvg-product"],"_links":{"self":[{"href":"https:\/\/sankyo.com.vn\/vi\/wp-json\/wp\/v2\/product\/6213","targetHints":{"allow":["GET"]}}],"collection":[{"href":"https:\/\/sankyo.com.vn\/vi\/wp-json\/wp\/v2\/product"}],"about":[{"href":"https:\/\/sankyo.com.vn\/vi\/wp-json\/wp\/v2\/types\/product"}],"replies":[{"embeddable":true,"href":"https:\/\/sankyo.com.vn\/vi\/wp-json\/wp\/v2\/comments?post=6213"}],"wp:featuredmedia":[{"embeddable":true,"href":"https:\/\/sankyo.com.vn\/vi\/wp-json\/wp\/v2\/media\/6208"}],"wp:attachment":[{"href":"https:\/\/sankyo.com.vn\/vi\/wp-json\/wp\/v2\/media?parent=6213"}],"curies":[{"name":"wp","href":"https:\/\/api.w.org\/{rel}","templated":true}]}}