{"id":6185,"date":"2021-04-14T12:37:14","date_gmt":"2021-04-14T05:37:14","guid":{"rendered":"https:\/\/sankyo.com.vn\/vi\/?post_type=product&#038;p=6185"},"modified":"2021-04-25T12:24:02","modified_gmt":"2021-04-25T05:24:02","slug":"quat-dung-cong-nghiep-b700","status":"publish","type":"product","link":"https:\/\/sankyo.com.vn\/vi\/san-pham\/quat-dung-cong-nghiep-b700\/","title":{"rendered":"QU\u1ea0T \u0110\u1ee8NG C\u00d4NG NGHI\u1ec6P B600"},"content":{"rendered":"<ul>\n<li>C\u00f4ng su\u1ea5t l\u1edbn, l\u01b0u l\u01b0\u1ee3ng gi\u00f3 m\u1ea1nh m\u1ebd<\/li>\n<li>K\u00edch th\u01b0\u1edbc s\u1ea3i 55cm t\u1ea1o l\u01b0u l\u01b0\u1ee3ng gi\u00f3 l\u1edbn<\/li>\n<li>Ch\u1ea5t li\u1ec7u h\u1ee3p kim cao c\u1ea5p b\u1ec1n, nh\u1eb9, d\u1ec5 d\u00e0ng di chuy\u1ec3n<\/li>\n<li>D\u1ec5 d\u00e0ng th\u00e1o l\u1eafp v\u1ec7 sinh<\/li>\n<li>\u0110\u1ed9ng c\u01a1 100% d\u00e2y \u0111\u1ed3ng, b\u1ec1n b\u1ec9<\/li>\n<li>Ti\u1ebft ki\u1ec7m \u0111i\u1ec7n n\u0103ng v\u1edbi h\u1ec7 th\u1ed1ng b\u1ea3o v\u1ec7 \u0111\u1ed9ng c\u01a1 ho\u1ea1t \u0111\u1ed9ng \u1ed5n \u0111\u1ecbnh<\/li>\n<li>V\u1eadn h\u00e0nh \u00eam \u00e1i t\u1ea1o c\u1ea3m gi\u00e1c tho\u1ea3i m\u00e1i, th\u01b0 gi\u00e3n<\/li>\n<\/ul>\n","protected":false},"excerpt":{"rendered":"<p>C\u00f4ng su\u1ea5t l\u1edbn, l\u01b0u l\u01b0\u1ee3ng gi\u00f3 m\u1ea1nh m\u1ebd K\u00edch th\u01b0\u1edbc s\u1ea3i 55cm t\u1ea1o l\u01b0u l\u01b0\u1ee3ng gi\u00f3 l\u1edbn Ch\u1ea5t li\u1ec7u h\u1ee3p kim cao c\u1ea5p b\u1ec1n, nh\u1eb9, d\u1ec5 d\u00e0ng di chuy\u1ec3n D\u1ec5 d\u00e0ng th\u00e1o l\u1eafp v\u1ec7 sinh \u0110\u1ed9ng c\u01a1 100% d\u00e2y \u0111\u1ed3ng, b\u1ec1n b\u1ec9 Ti\u1ebft ki\u1ec7m \u0111i\u1ec7n n\u0103ng v\u1edbi h\u1ec7 th\u1ed1ng b\u1ea3o v\u1ec7 \u0111\u1ed9ng c\u01a1 ho\u1ea1t \u0111\u1ed9ng [&#8230;]\n","protected":false},"featured_media":6184,"comment_status":"open","ping_status":"closed","template":"","meta":[],"class_list":["post-6185","product","type-product","status-publish","has-post-thumbnail","hentry","product_cat-quat-cong-nghiep","pa_product-category-quat-cong-nghiep","pa_product-color-black","rtwpvg-product"],"_links":{"self":[{"href":"https:\/\/sankyo.com.vn\/vi\/wp-json\/wp\/v2\/product\/6185","targetHints":{"allow":["GET"]}}],"collection":[{"href":"https:\/\/sankyo.com.vn\/vi\/wp-json\/wp\/v2\/product"}],"about":[{"href":"https:\/\/sankyo.com.vn\/vi\/wp-json\/wp\/v2\/types\/product"}],"replies":[{"embeddable":true,"href":"https:\/\/sankyo.com.vn\/vi\/wp-json\/wp\/v2\/comments?post=6185"}],"wp:featuredmedia":[{"embeddable":true,"href":"https:\/\/sankyo.com.vn\/vi\/wp-json\/wp\/v2\/media\/6184"}],"wp:attachment":[{"href":"https:\/\/sankyo.com.vn\/vi\/wp-json\/wp\/v2\/media?parent=6185"}],"curies":[{"name":"wp","href":"https:\/\/api.w.org\/{rel}","templated":true}]}}