{"id":6105,"date":"2021-04-14T00:17:39","date_gmt":"2021-04-13T17:17:39","guid":{"rendered":"https:\/\/sankyo.com.vn\/vi\/?post_type=product&#038;p=6105"},"modified":"2021-05-09T17:52:31","modified_gmt":"2021-05-09T10:52:31","slug":"quat-dung-b500-an","status":"publish","type":"product","link":"https:\/\/sankyo.com.vn\/vi\/san-pham\/quat-dung-b500-an\/","title":{"rendered":"QU\u1ea0T \u0110\u1ee8NG B500 AN"},"content":{"rendered":"<ul>\n<li><span data-sheets-value=\"{\" data-sheets-userformat=\"{\">Thi\u1ebft k\u1ebf hi\u1ec7n \u0111\u1ea1i, m\u1ea1nh m\u1ebd<\/span><\/li>\n<li><span data-sheets-value=\"{\" data-sheets-userformat=\"{\">Th\u00e1o l\u1eafp d\u1ec5 d\u00e0ng, thu\u1eadn ti\u1ec7n v\u1ec7 sinh<\/span><\/li>\n<li><span data-sheets-value=\"{\" data-sheets-userformat=\"{\">C\u00f4ng su\u1ea5t 45W ph\u00f9 h\u1ee3p s\u1eed d\u1ee5ng trong nh\u00e0 v\u00e0 ngo\u00e0i tr\u1eddi<\/span><\/li>\n<li><span data-sheets-value=\"{\" data-sheets-userformat=\"{\">\u0110\u1ed9ng c\u01a1 100% d\u00e2y \u0111\u1ed3ng, b\u1ec1n b\u1ec9<\/span><\/li>\n<li><span data-sheets-value=\"{\" data-sheets-userformat=\"{\">K\u00edch th\u01b0\u1edbc s\u1ea3i 45cm t\u1ea1o l\u01b0u l\u01b0\u1ee3ng gi\u00f3 l\u1edbn<\/span><\/li>\n<\/ul>\n","protected":false},"excerpt":{"rendered":"<p>Thi\u1ebft k\u1ebf hi\u1ec7n \u0111\u1ea1i, m\u1ea1nh m\u1ebd Th\u00e1o l\u1eafp d\u1ec5 d\u00e0ng, thu\u1eadn ti\u1ec7n v\u1ec7 sinh C\u00f4ng su\u1ea5t 45W ph\u00f9 h\u1ee3p s\u1eed d\u1ee5ng trong nh\u00e0 v\u00e0 ngo\u00e0i tr\u1eddi \u0110\u1ed9ng c\u01a1 100% d\u00e2y \u0111\u1ed3ng, b\u1ec1n b\u1ec9 K\u00edch th\u01b0\u1edbc s\u1ea3i 45cm t\u1ea1o l\u01b0u l\u01b0\u1ee3ng gi\u00f3 l\u1edbn<\/p>\n","protected":false},"featured_media":6109,"comment_status":"open","ping_status":"closed","template":"","meta":[],"class_list":["post-6105","product","type-product","status-publish","has-post-thumbnail","hentry","product_cat-quat-dung","pa_product-category-quat-dung","pa_product-color-black","rtwpvg-product"],"_links":{"self":[{"href":"https:\/\/sankyo.com.vn\/vi\/wp-json\/wp\/v2\/product\/6105","targetHints":{"allow":["GET"]}}],"collection":[{"href":"https:\/\/sankyo.com.vn\/vi\/wp-json\/wp\/v2\/product"}],"about":[{"href":"https:\/\/sankyo.com.vn\/vi\/wp-json\/wp\/v2\/types\/product"}],"replies":[{"embeddable":true,"href":"https:\/\/sankyo.com.vn\/vi\/wp-json\/wp\/v2\/comments?post=6105"}],"wp:featuredmedia":[{"embeddable":true,"href":"https:\/\/sankyo.com.vn\/vi\/wp-json\/wp\/v2\/media\/6109"}],"wp:attachment":[{"href":"https:\/\/sankyo.com.vn\/vi\/wp-json\/wp\/v2\/media?parent=6105"}],"curies":[{"name":"wp","href":"https:\/\/api.w.org\/{rel}","templated":true}]}}