{"id":6048,"date":"2021-04-13T23:29:36","date_gmt":"2021-04-13T16:29:36","guid":{"rendered":"https:\/\/sankyo.com.vn\/vi\/?post_type=product&#038;p=6048"},"modified":"2022-11-08T13:17:04","modified_gmt":"2022-11-08T06:17:04","slug":"quat-ban-b200_2","status":"publish","type":"product","link":"https:\/\/sankyo.com.vn\/vi\/san-pham\/quat-ban-b200_2\/","title":{"rendered":"QU\u1ea0T B\u00c0N B200"},"content":{"rendered":"<ul>\n<li><span data-sheets-value=\"{\" data-sheets-userformat=\"{\">Thi\u1ebft k\u1ebf nh\u1ecf g\u1ecdn, ph\u00f9 h\u1ee3p nhi\u1ec1u kh\u00f4ng gia<\/span><\/li>\n<li><span data-sheets-value=\"{\" data-sheets-userformat=\"{\">C\u00f4ng su\u1ea5t 24W v\u1edbi 2 ch\u1ebf \u0111\u1ed9 gi\u00f3 ph\u00f9 h\u1ee3p v\u1edbi ph\u00f2ng kh\u00f4ng gian nh\u1ecf<\/span><\/li>\n<li><span data-sheets-value=\"{\" data-sheets-userformat=\"{\">\u0110\u1ed9ng c\u01a1 100% d\u00e2y \u0111\u1ed3ng, b\u1ec1n b\u1ec9<\/span><\/li>\n<li><span data-sheets-value=\"{\" data-sheets-userformat=\"{\">Ti\u1ebft ki\u1ec7m \u0111i\u1ec7n n\u0103ng v\u1edbi h\u1ec7 th\u1ed1ng b\u1ea3o v\u1ec7 \u0111\u1ed9ng c\u01a1 ho\u1ea1t \u0111\u1ed9ng \u1ed5n \u0111\u1ecbnh<\/span><\/li>\n<li><span data-sheets-value=\"{\" data-sheets-userformat=\"{\">V\u1eadn h\u00e0nh \u00eam \u00e1i t\u1ea1o c\u1ea3m gi\u00e1c tho\u1ea3i m\u00e1i, th\u01b0 gi\u00e3n<\/span><\/li>\n<li><span data-sheets-value=\"{\" data-sheets-userformat=\"{\">Ch\u1ea5t li\u1ec7u nh\u1ef1a cao c\u1ea5p b\u1ec1n, nh\u1eb9, d\u1ec5 d\u00e0ng di chuy\u1ec3n<\/span><\/li>\n<\/ul>\n","protected":false},"excerpt":{"rendered":"<p>Thi\u1ebft k\u1ebf nh\u1ecf g\u1ecdn, ph\u00f9 h\u1ee3p nhi\u1ec1u kh\u00f4ng gia C\u00f4ng su\u1ea5t 24W v\u1edbi 2 ch\u1ebf \u0111\u1ed9 gi\u00f3 ph\u00f9 h\u1ee3p v\u1edbi ph\u00f2ng kh\u00f4ng gian nh\u1ecf \u0110\u1ed9ng c\u01a1 100% d\u00e2y \u0111\u1ed3ng, b\u1ec1n b\u1ec9 Ti\u1ebft ki\u1ec7m \u0111i\u1ec7n n\u0103ng v\u1edbi h\u1ec7 th\u1ed1ng b\u1ea3o v\u1ec7 \u0111\u1ed9ng c\u01a1 ho\u1ea1t \u0111\u1ed9ng \u1ed5n \u0111\u1ecbnh V\u1eadn h\u00e0nh \u00eam \u00e1i t\u1ea1o c\u1ea3m gi\u00e1c tho\u1ea3i m\u00e1i, [&#8230;]\n","protected":false},"featured_media":6067,"comment_status":"open","ping_status":"closed","template":"","meta":[],"class_list":["post-6048","product","type-product","status-publish","has-post-thumbnail","hentry","product_cat-quat-ban","pa_product-category-quat-ban","pa_product-color-green","pa_product-color-grey","pa_product-color-pastel-green","pa_product-color-sky-blue","rtwpvg-product"],"_links":{"self":[{"href":"https:\/\/sankyo.com.vn\/vi\/wp-json\/wp\/v2\/product\/6048","targetHints":{"allow":["GET"]}}],"collection":[{"href":"https:\/\/sankyo.com.vn\/vi\/wp-json\/wp\/v2\/product"}],"about":[{"href":"https:\/\/sankyo.com.vn\/vi\/wp-json\/wp\/v2\/types\/product"}],"replies":[{"embeddable":true,"href":"https:\/\/sankyo.com.vn\/vi\/wp-json\/wp\/v2\/comments?post=6048"}],"wp:featuredmedia":[{"embeddable":true,"href":"https:\/\/sankyo.com.vn\/vi\/wp-json\/wp\/v2\/media\/6067"}],"wp:attachment":[{"href":"https:\/\/sankyo.com.vn\/vi\/wp-json\/wp\/v2\/media?parent=6048"}],"curies":[{"name":"wp","href":"https:\/\/api.w.org\/{rel}","templated":true}]}}