{"id":5856,"date":"2021-04-13T19:51:31","date_gmt":"2021-04-13T12:51:31","guid":{"rendered":"https:\/\/sankyo.com.vn\/vi\/?post_type=product&#038;p=5856"},"modified":"2022-11-08T13:10:56","modified_gmt":"2022-11-08T06:10:56","slug":"quatlo-318-caocap-cohengio","status":"publish","type":"product","link":"https:\/\/sankyo.com.vn\/vi\/san-pham\/quatlo-318-caocap-cohengio\/","title":{"rendered":"QU\u1ea0T L\u1ee0 318 (CAO C\u1ea4P) C\u00d3 H\u1eb8N GI\u1edc"},"content":{"rendered":"<ul>\n<li>Thi\u1ebft k\u1ebf hi\u1ec7n \u0111\u1ea1i, tao nh\u00e3<\/li>\n<li>Ch\u1ebf \u0111\u1ed9 h\u1eb9n gi\u1edd linh ho\u1ea1t l\u00ean \u0111\u1ebfn 2 ti\u1ebfng<\/li>\n<li>\u0110i\u1ec1u ch\u1ec9nh 3 c\u1ea5p \u0111\u1ed9 gi\u00f3 d\u1ec5 d\u00e0ng l\u1ef1a ch\u1ecdn<\/li>\n<li>C\u00f4ng su\u1ea5t 45W m\u1ea1nh m\u1ebd<\/li>\n<li>\u0110\u1ed9ng c\u01a1 100% d\u00e2y \u0111\u1ed3ng, b\u1ec1n b\u1ec9<\/li>\n<li>K\u00edch th\u01b0\u1edbc s\u1ea3i 40cm t\u1ea1o l\u01b0u l\u01b0\u1ee3ng gi\u00f3 l\u1edbn<\/li>\n<li>V\u1eadn h\u00e0nh \u00eam \u00e1i t\u1ea1o c\u1ea3m gi\u00e1c tho\u1ea3i m\u00e1i, th\u01b0 gi\u00e3n<\/li>\n<li>Ch\u1ea5t li\u1ec7u nh\u1ef1a cao c\u1ea5p b\u1ec1n, nh\u1eb9, d\u1ec5 d\u00e0ng di chuy\u1ec3n<\/li>\n<\/ul>\n","protected":false},"excerpt":{"rendered":"<p>Thi\u1ebft k\u1ebf hi\u1ec7n \u0111\u1ea1i, tao nh\u00e3 Ch\u1ebf \u0111\u1ed9 h\u1eb9n gi\u1edd linh ho\u1ea1t l\u00ean \u0111\u1ebfn 2 ti\u1ebfng \u0110i\u1ec1u ch\u1ec9nh 3 c\u1ea5p \u0111\u1ed9 gi\u00f3 d\u1ec5 d\u00e0ng l\u1ef1a ch\u1ecdn C\u00f4ng su\u1ea5t 45W m\u1ea1nh m\u1ebd \u0110\u1ed9ng c\u01a1 100% d\u00e2y \u0111\u1ed3ng, b\u1ec1n b\u1ec9 K\u00edch th\u01b0\u1edbc s\u1ea3i 40cm t\u1ea1o l\u01b0u l\u01b0\u1ee3ng gi\u00f3 l\u1edbn V\u1eadn h\u00e0nh \u00eam \u00e1i t\u1ea1o c\u1ea3m gi\u00e1c tho\u1ea3i [&#8230;]\n","protected":false},"featured_media":5913,"comment_status":"open","ping_status":"closed","template":"","meta":[],"class_list":["post-5856","product","type-product","status-publish","has-post-thumbnail","hentry","product_cat-quat-lo","pa_product-category-quat-lo","pa_product-color-grey","pa_product-color-pastel-green","pa_product-color-sky-blue","pa_product-color-tuquoise-blue","rtwpvg-product"],"_links":{"self":[{"href":"https:\/\/sankyo.com.vn\/vi\/wp-json\/wp\/v2\/product\/5856","targetHints":{"allow":["GET"]}}],"collection":[{"href":"https:\/\/sankyo.com.vn\/vi\/wp-json\/wp\/v2\/product"}],"about":[{"href":"https:\/\/sankyo.com.vn\/vi\/wp-json\/wp\/v2\/types\/product"}],"replies":[{"embeddable":true,"href":"https:\/\/sankyo.com.vn\/vi\/wp-json\/wp\/v2\/comments?post=5856"}],"wp:featuredmedia":[{"embeddable":true,"href":"https:\/\/sankyo.com.vn\/vi\/wp-json\/wp\/v2\/media\/5913"}],"wp:attachment":[{"href":"https:\/\/sankyo.com.vn\/vi\/wp-json\/wp\/v2\/media?parent=5856"}],"curies":[{"name":"wp","href":"https:\/\/api.w.org\/{rel}","templated":true}]}}