{"id":1515,"date":"2021-03-16T22:01:41","date_gmt":"2021-03-16T15:01:41","guid":{"rendered":"https:\/\/sankyo.com.vn\/?page_id=1515"},"modified":"2021-10-23T14:27:48","modified_gmt":"2021-10-23T07:27:48","slug":"dich-vu","status":"publish","type":"page","link":"https:\/\/sankyo.com.vn\/vi\/dich-vu\/","title":{"rendered":"D\u1ecbch V\u1ee5"},"content":{"rendered":"\t\t<div data-elementor-type=\"wp-page\" data-elementor-id=\"1515\" class=\"elementor elementor-1515\" data-elementor-settings=\"[]\">\n\t\t\t\t\t\t\t<div class=\"elementor-section-wrap\">\n\t\t\t\t\t\t\t<section class=\"elementor-section elementor-top-section elementor-element elementor-element-4ebd9f5 elementor-section-full_width elementor-section-stretched elementor-section-height-default elementor-section-height-default\" data-id=\"4ebd9f5\" data-element_type=\"section\" data-settings=\"{&quot;stretch_section&quot;:&quot;section-stretched&quot;}\">\n\t\t\t\t\t\t<div class=\"elementor-container elementor-column-gap-default\">\n\t\t\t\t\t<div class=\"elementor-column elementor-col-100 elementor-top-column elementor-element elementor-element-c22a953\" data-id=\"c22a953\" data-element_type=\"column\">\n\t\t\t<div class=\"elementor-widget-wrap elementor-element-populated\">\n\t\t\t\t\t\t\t\t<div class=\"elementor-element elementor-element-dc9570a elementor-widget elementor-widget-image-carousel\" data-id=\"dc9570a\" data-element_type=\"widget\" data-settings=\"{&quot;slides_to_show&quot;:&quot;1&quot;,&quot;navigation&quot;:&quot;none&quot;,&quot;pause_on_hover&quot;:&quot;no&quot;,&quot;autoplay_speed&quot;:3000,&quot;autoplay&quot;:&quot;yes&quot;,&quot;pause_on_interaction&quot;:&quot;yes&quot;,&quot;infinite&quot;:&quot;yes&quot;,&quot;effect&quot;:&quot;slide&quot;,&quot;speed&quot;:500}\" data-widget_type=\"image-carousel.default\">\n\t\t\t\t<div class=\"elementor-widget-container\">\n\t\t\t\t\t<div class=\"elementor-image-carousel-wrapper swiper-container\" dir=\"ltr\">\n\t\t\t<div class=\"elementor-image-carousel swiper-wrapper\">\n\t\t\t\t<div class=\"swiper-slide\"><figure class=\"swiper-slide-inner\"><img decoding=\"async\" class=\"swiper-slide-image\" src=\"https:\/\/sankyo.com.vn\/wp-content\/uploads\/2021\/03\/Image-97.png\" alt=\"Image 97\" \/><\/figure><\/div><div class=\"swiper-slide\"><figure class=\"swiper-slide-inner\"><img decoding=\"async\" class=\"swiper-slide-image\" src=\"https:\/\/sankyo.com.vn\/wp-content\/uploads\/2021\/03\/Image-17.png\" alt=\"Image 17\" \/><\/figure><\/div><div class=\"swiper-slide\"><figure class=\"swiper-slide-inner\"><img decoding=\"async\" class=\"swiper-slide-image\" src=\"https:\/\/sankyo.com.vn\/wp-content\/uploads\/2021\/03\/Image-1082.png\" alt=\"Image 1082\" \/><\/figure><\/div>\t\t\t<\/div>\n\t\t\t\t\t\t\t\t\t\t\t\t\t\t\t\t<\/div>\n\t\t\t\t<\/div>\n\t\t\t\t<\/div>\n\t\t\t\t\t<\/div>\n\t\t<\/div>\n\t\t\t\t\t\t\t<\/div>\n\t\t<\/section>\n\t\t\t\t<section class=\"elementor-section elementor-top-section elementor-element elementor-element-8a6604f elementor-section-height-min-height elementor-section-boxed elementor-section-height-default elementor-section-items-middle\" data-id=\"8a6604f\" data-element_type=\"section\">\n\t\t\t\t\t\t<div class=\"elementor-container elementor-column-gap-default\">\n\t\t\t\t\t<div class=\"elementor-column elementor-col-100 elementor-top-column elementor-element elementor-element-54e9e30\" data-id=\"54e9e30\" data-element_type=\"column\">\n\t\t\t<div class=\"elementor-widget-wrap elementor-element-populated\">\n\t\t\t\t\t\t\t\t<div class=\"elementor-element elementor-element-51d4e31 elementor-widget elementor-widget-heading\" data-id=\"51d4e31\" data-element_type=\"widget\" data-widget_type=\"heading.default\">\n\t\t\t\t<div class=\"elementor-widget-container\">\n\t\t\t<h2 class=\"elementor-heading-title elementor-size-default\">D\u1ecbch v\u1ee5<\/h2>\t\t<\/div>\n\t\t\t\t<\/div>\n\t\t\t\t<div class=\"elementor-element elementor-element-6049715 elementor-hidden-phone elementor-widget elementor-widget-text-editor\" data-id=\"6049715\" data-element_type=\"widget\" data-widget_type=\"text-editor.default\">\n\t\t\t\t<div class=\"elementor-widget-container\">\n\t\t\t\t\t<div class=\"elementor-text-editor elementor-clearfix\"><p><span class=\"fontstyle0\">Sankyo n\u1ed7 l\u1ef1c \u0111em \u0111\u1ebfn s\u1ea3n ph\u1ea9m c\u00f3 ch\u1ea5t l\u01b0\u1ee3ng<br \/>\u0111\u1ed3ng b\u1ed9 v\u1edbi chi ph\u00ed h\u1ee3p l\u00fd v\u00e0 t\u1ed1i \u01b0u nh\u1ea5t cho m\u1ecdi<br \/>kh\u00e1ch h\u00e0ng<\/span> <\/p><\/div>\n\t\t\t\t<\/div>\n\t\t\t\t<\/div>\n\t\t\t\t\t<\/div>\n\t\t<\/div>\n\t\t\t\t\t\t\t<\/div>\n\t\t<\/section>\n\t\t\t\t<section class=\"elementor-section elementor-top-section elementor-element elementor-element-704dbed elementor-section-boxed elementor-section-height-default elementor-section-height-default\" data-id=\"704dbed\" data-element_type=\"section\" id=\"oem-fan\">\n\t\t\t\t\t\t<div class=\"elementor-container elementor-column-gap-default\">\n\t\t\t\t\t<div class=\"elementor-column elementor-col-50 elementor-top-column elementor-element elementor-element-68b4cc7\" data-id=\"68b4cc7\" data-element_type=\"column\">\n\t\t\t<div class=\"elementor-widget-wrap elementor-element-populated\">\n\t\t\t\t\t\t\t\t<div class=\"elementor-element elementor-element-95405d6 elementor-widget elementor-widget-image\" data-id=\"95405d6\" data-element_type=\"widget\" data-widget_type=\"image.default\">\n\t\t\t\t<div class=\"elementor-widget-container\">\n\t\t\t\t\t<div class=\"elementor-image\">\n\t\t\t\t\t\t\t\t\t\t<img loading=\"lazy\" decoding=\"async\" width=\"1270\" height=\"622\" src=\"https:\/\/sankyo.com.vn\/wp-content\/uploads\/2021\/03\/Group_12.png\" class=\"attachment-full size-full\" alt=\"\" srcset=\"https:\/\/sankyo.com.vn\/wp-content\/uploads\/2021\/03\/Group_12.png 1270w, https:\/\/sankyo.com.vn\/wp-content\/uploads\/2021\/03\/Group_12-800x392.png 800w, https:\/\/sankyo.com.vn\/wp-content\/uploads\/2021\/03\/Group_12-768x376.png 768w, https:\/\/sankyo.com.vn\/wp-content\/uploads\/2021\/03\/Group_12-510x250.png 510w\" sizes=\"auto, (max-width: 1270px) 100vw, 1270px\" \/>\t\t\t\t\t\t\t\t\t\t\t<\/div>\n\t\t\t\t<\/div>\n\t\t\t\t<\/div>\n\t\t\t\t\t<\/div>\n\t\t<\/div>\n\t\t\t\t<div class=\"elementor-column elementor-col-50 elementor-top-column elementor-element elementor-element-8a4ddf2\" data-id=\"8a4ddf2\" data-element_type=\"column\">\n\t\t\t<div class=\"elementor-widget-wrap elementor-element-populated\">\n\t\t\t\t\t\t\t\t<div class=\"elementor-element elementor-element-701e21d elementor-widget__width-initial elementor-widget-tablet__width-inherit elementor-widget elementor-widget-text-editor\" data-id=\"701e21d\" data-element_type=\"widget\" data-widget_type=\"text-editor.default\">\n\t\t\t\t<div class=\"elementor-widget-container\">\n\t\t\t\t\t<div class=\"elementor-text-editor elementor-clearfix\"><h1><span style=\"color: #0058a6; font-size: 110%;\">OEM QU\u1ea0T<\/span><\/h1><p style=\"text-align: left;\">Trong su\u1ed1t 22 n\u0103m ho\u1ea1t \u0111\u1ed9ng, Sankyo n\u1ed7 l\u1ef1c h\u1ebft m\u00ecnh, li\u00ean t\u1ee5c c\u1ea3i ti\u1ebfn kh\u00f4ng ng\u1eebng \u0111\u1ec3 n\u00e2ng cao n\u0103ng l\u1ef1c s\u1ea3n xu\u1ea5t v\u00e0 hi\u1ec7u qu\u1ea3 trong m\u1ecdi ho\u1ea1t \u0111\u1ed9ng, \u0111em \u0111\u1ebfn s\u1ea3n ph\u1ea9m c\u00f3 ch\u1ea5t l\u01b0\u1ee3ng \u0111\u1ed3ng b\u1ed9 v\u1edbi chi ph\u00ed h\u1ee3p l\u00fd v\u00e0 t\u1ed1i \u01b0u nh\u1ea5t cho m\u1ecdi kh\u00e1ch h\u00e0ng.<\/p><p style=\"text-align: left;\">Hi\u1ec7n nay Sankyo \u0111ang s\u1edf h\u1eefu 2 ph\u00e2n x\u01b0\u1edfng v\u00e0 h\u00e0ng tr\u0103m c\u00f4ng nh\u00e2n vi\u00ean l\u00e0nh ngh\u1ec1 c\u00f3 kh\u1ea3 n\u0103ng s\u1ea3n xu\u1ea5t s\u1ea3n ph\u1ea9m c\u00f3 y\u00eau c\u1ea7u k\u1ef9 thu\u1eadt ph\u1ee9c t\u1ea1p v\u00e0 \u0111\u1ed9 tinh x\u1ea3o cao \u0111\u1ea3m b\u1ea3o n\u0103ng su\u1ea5t s\u1ea3n xu\u1ea5t t\u1ed1i \u01b0u nh\u1ea5t. \u0110\u1ed3ng th\u1eddi Sankyo li\u00ean t\u1ee5c \u0111\u1ed5i m\u1edbi v\u00e0 c\u1ea3i ti\u1ebfn c\u00f4ng ngh\u1ec7 nh\u1eb1m \u0111\u00e1p \u1ee9ng \u0111a d\u1ea1ng y\u00eau c\u1ea7u c\u1ee7a m\u1ecdi doanh nghi\u1ec7p.<\/p><\/div>\n\t\t\t\t<\/div>\n\t\t\t\t<\/div>\n\t\t\t\t\t<\/div>\n\t\t<\/div>\n\t\t\t\t\t\t\t<\/div>\n\t\t<\/section>\n\t\t\t\t<section class=\"elementor-section elementor-top-section elementor-element elementor-element-373fe4c elementor-hidden-desktop elementor-section-boxed elementor-section-height-default elementor-section-height-default\" data-id=\"373fe4c\" data-element_type=\"section\" id=\"oem-helmet\">\n\t\t\t\t\t\t<div class=\"elementor-container elementor-column-gap-default\">\n\t\t\t\t\t<div class=\"elementor-column elementor-col-50 elementor-top-column elementor-element elementor-element-5d01f6f\" data-id=\"5d01f6f\" data-element_type=\"column\">\n\t\t\t<div class=\"elementor-widget-wrap elementor-element-populated\">\n\t\t\t\t\t\t\t\t<div class=\"elementor-element elementor-element-d1555d7 elementor-widget elementor-widget-image\" data-id=\"d1555d7\" data-element_type=\"widget\" data-widget_type=\"image.default\">\n\t\t\t\t<div class=\"elementor-widget-container\">\n\t\t\t\t\t<div class=\"elementor-image\">\n\t\t\t\t\t\t\t\t\t\t<img loading=\"lazy\" decoding=\"async\" width=\"1871\" height=\"719\" src=\"https:\/\/sankyo.com.vn\/wp-content\/uploads\/2021\/03\/Image-1087.png\" class=\"attachment-full size-full\" alt=\"\" srcset=\"https:\/\/sankyo.com.vn\/wp-content\/uploads\/2021\/03\/Image-1087.png 1871w, https:\/\/sankyo.com.vn\/wp-content\/uploads\/2021\/03\/Image-1087-800x307.png 800w, https:\/\/sankyo.com.vn\/wp-content\/uploads\/2021\/03\/Image-1087-768x295.png 768w, https:\/\/sankyo.com.vn\/wp-content\/uploads\/2021\/03\/Image-1087-1400x538.png 1400w, https:\/\/sankyo.com.vn\/wp-content\/uploads\/2021\/03\/Image-1087-510x196.png 510w\" sizes=\"auto, (max-width: 1871px) 100vw, 1871px\" \/>\t\t\t\t\t\t\t\t\t\t\t<\/div>\n\t\t\t\t<\/div>\n\t\t\t\t<\/div>\n\t\t\t\t\t<\/div>\n\t\t<\/div>\n\t\t\t\t<div class=\"elementor-column elementor-col-50 elementor-top-column elementor-element elementor-element-a382ac5\" data-id=\"a382ac5\" data-element_type=\"column\">\n\t\t\t<div class=\"elementor-widget-wrap elementor-element-populated\">\n\t\t\t\t\t\t\t\t<div class=\"elementor-element elementor-element-0c7d7cf elementor-widget__width-initial elementor-widget-tablet__width-inherit elementor-widget elementor-widget-text-editor\" data-id=\"0c7d7cf\" data-element_type=\"widget\" data-widget_type=\"text-editor.default\">\n\t\t\t\t<div class=\"elementor-widget-container\">\n\t\t\t\t\t<div class=\"elementor-text-editor elementor-clearfix\"><h1><span style=\"color: #0058a6; font-size: 110%;\">OEM N\u00d3N B\u1ea2O HI\u1ec2M<\/span><\/h1><p>Sankyo t\u1ef1 h\u00e0o l\u00e0 doanh nghi\u1ec7p c\u00f3 kinh nghi\u1ec7m l\u00e2u n\u0103m trong l\u0129nh v\u1ef1c OEM m\u0169 b\u1ea3o hi\u1ec3m v\u00e0 \u0111\u00e3 t\u1eebng h\u1ee3p t\u00e1c v\u1edbi r\u1ea5t nhi\u1ec1u th\u01b0\u01a1ng hi\u1ec7u l\u1edbn nh\u01b0 Co-op Mart, N\u1ec7m V\u1ea1n Th\u00e0nh. Ch\u00fang t\u00f4i t\u1ef1 tin s\u1ebd l\u00e0 \u0111\u1ed1i t\u00e1c \u0111\u00e1ng tin c\u1eady \u0111\u1ec3 c\u00e1c Doanh nghi\u1ec7p l\u1ef1a ch\u1ecdn.<\/p><p>Thi\u1ebft k\u1ebf hi\u1ec7n \u0111\u1ea1i, m\u1eabu m\u00e3 \u0111a d\u1ea1ng v\u00e0 ch\u1ea5t l\u01b0\u1ee3ng \u0111\u1ed3ng b\u1ed9 lu\u00f4n l\u00e0 ti\u00eau ch\u00ed ho\u1ea1t \u0111\u1ed9ng c\u1ee7a ph\u00e2n x\u01b0\u1edfng s\u1ea3n xu\u1ea5t N\u00f3n b\u1ea3o hi\u1ec3n c\u1ee7a Sankyo. Sankyo cam k\u1ebft lu\u00f4n mang \u0111\u1ebfn s\u1ea3n ph\u1ea9m \u0111\u1ed3ng b\u1ed9 theo ti\u00eau chu\u1ea9n v\u00e0 \u0111\u00e1p \u1ee9ng \u0111\u00fang ti\u1ebfn \u0111\u1ed9 \u0111\u1ec3 mang l\u1ea1i s\u1ef1 h\u00e0i l\u00f2ng t\u1ed1i \u0111a cho kh\u00e1ch h\u00e0ng.<\/p><\/div>\n\t\t\t\t<\/div>\n\t\t\t\t<\/div>\n\t\t\t\t\t<\/div>\n\t\t<\/div>\n\t\t\t\t\t\t\t<\/div>\n\t\t<\/section>\n\t\t\t\t<section class=\"elementor-section elementor-top-section elementor-element elementor-element-9ca7618 elementor-hidden-phone elementor-hidden-tablet elementor-section-boxed elementor-section-height-default elementor-section-height-default\" data-id=\"9ca7618\" data-element_type=\"section\" id=\"oem-helmet\">\n\t\t\t\t\t\t<div class=\"elementor-container elementor-column-gap-default\">\n\t\t\t\t\t<div class=\"elementor-column elementor-col-50 elementor-top-column elementor-element elementor-element-f31d5f9\" data-id=\"f31d5f9\" data-element_type=\"column\">\n\t\t\t<div class=\"elementor-widget-wrap elementor-element-populated\">\n\t\t\t\t\t\t\t\t<div class=\"elementor-element elementor-element-062d1e3 elementor-widget__width-initial elementor-widget elementor-widget-text-editor\" data-id=\"062d1e3\" data-element_type=\"widget\" data-widget_type=\"text-editor.default\">\n\t\t\t\t<div class=\"elementor-widget-container\">\n\t\t\t\t\t<div class=\"elementor-text-editor elementor-clearfix\"><h1><span style=\"color: #0058a6; font-size: 110%;\">OEM N\u00d3N B\u1ea2O HI\u1ec2M<\/span><\/h1><p>Sankyo t\u1ef1 h\u00e0o l\u00e0 doanh nghi\u1ec7p c\u00f3 kinh nghi\u1ec7m l\u00e2u n\u0103m trong l\u0129nh v\u1ef1c OEM m\u0169 b\u1ea3o hi\u1ec3m v\u00e0 \u0111\u00e3 t\u1eebng h\u1ee3p t\u00e1c v\u1edbi r\u1ea5t nhi\u1ec1u th\u01b0\u01a1ng hi\u1ec7u l\u1edbn nh\u01b0 Co-op Mart, N\u1ec7m V\u1ea1n Th\u00e0nh. Ch\u00fang t\u00f4i t\u1ef1 tin s\u1ebd l\u00e0 \u0111\u1ed1i t\u00e1c \u0111\u00e1ng tin c\u1eady \u0111\u1ec3 c\u00e1c Doanh nghi\u1ec7p l\u1ef1a ch\u1ecdn.<\/p><p>Thi\u1ebft k\u1ebf hi\u1ec7n \u0111\u1ea1i, m\u1eabu m\u00e3 \u0111a d\u1ea1ng v\u00e0 ch\u1ea5t l\u01b0\u1ee3ng \u0111\u1ed3ng b\u1ed9 lu\u00f4n l\u00e0 ti\u00eau ch\u00ed ho\u1ea1t \u0111\u1ed9ng c\u1ee7a ph\u00e2n x\u01b0\u1edfng s\u1ea3n xu\u1ea5t N\u00f3n b\u1ea3o hi\u1ec3n c\u1ee7a Sankyo. Sankyo cam k\u1ebft lu\u00f4n mang \u0111\u1ebfn s\u1ea3n ph\u1ea9m \u0111\u1ed3ng b\u1ed9 theo ti\u00eau chu\u1ea9n v\u00e0 \u0111\u00e1p \u1ee9ng \u0111\u00fang ti\u1ebfn \u0111\u1ed9 \u0111\u1ec3 mang l\u1ea1i s\u1ef1 h\u00e0i l\u00f2ng t\u1ed1i \u0111a cho kh\u00e1ch h\u00e0ng.<\/p><\/div>\n\t\t\t\t<\/div>\n\t\t\t\t<\/div>\n\t\t\t\t\t<\/div>\n\t\t<\/div>\n\t\t\t\t<div class=\"elementor-column elementor-col-50 elementor-top-column elementor-element elementor-element-d235611\" data-id=\"d235611\" data-element_type=\"column\">\n\t\t\t<div class=\"elementor-widget-wrap elementor-element-populated\">\n\t\t\t\t\t\t\t\t<div class=\"elementor-element elementor-element-ea5d734 elementor-widget elementor-widget-image\" data-id=\"ea5d734\" data-element_type=\"widget\" data-widget_type=\"image.default\">\n\t\t\t\t<div class=\"elementor-widget-container\">\n\t\t\t\t\t<div class=\"elementor-image\">\n\t\t\t\t\t\t\t\t\t\t<img loading=\"lazy\" decoding=\"async\" width=\"1020\" height=\"392\" src=\"https:\/\/sankyo.com.vn\/wp-content\/uploads\/2021\/03\/Image-1087-1400x538.png\" class=\"attachment-large size-large\" alt=\"\" srcset=\"https:\/\/sankyo.com.vn\/wp-content\/uploads\/2021\/03\/Image-1087-1400x538.png 1400w, https:\/\/sankyo.com.vn\/wp-content\/uploads\/2021\/03\/Image-1087-800x307.png 800w, https:\/\/sankyo.com.vn\/wp-content\/uploads\/2021\/03\/Image-1087-768x295.png 768w, https:\/\/sankyo.com.vn\/wp-content\/uploads\/2021\/03\/Image-1087-510x196.png 510w, https:\/\/sankyo.com.vn\/wp-content\/uploads\/2021\/03\/Image-1087.png 1871w\" sizes=\"auto, (max-width: 1020px) 100vw, 1020px\" \/>\t\t\t\t\t\t\t\t\t\t\t<\/div>\n\t\t\t\t<\/div>\n\t\t\t\t<\/div>\n\t\t\t\t\t<\/div>\n\t\t<\/div>\n\t\t\t\t\t\t\t<\/div>\n\t\t<\/section>\n\t\t\t\t<section class=\"elementor-section elementor-top-section elementor-element elementor-element-72e90ee elementor-section-boxed elementor-section-height-default elementor-section-height-default\" data-id=\"72e90ee\" data-element_type=\"section\" id=\"export\">\n\t\t\t\t\t\t<div class=\"elementor-container elementor-column-gap-default\">\n\t\t\t\t\t<div class=\"elementor-column elementor-col-50 elementor-top-column elementor-element elementor-element-4593a00\" data-id=\"4593a00\" data-element_type=\"column\">\n\t\t\t<div class=\"elementor-widget-wrap elementor-element-populated\">\n\t\t\t\t\t\t\t\t<div class=\"elementor-element elementor-element-e64c45a elementor-widget elementor-widget-image\" data-id=\"e64c45a\" data-element_type=\"widget\" data-widget_type=\"image.default\">\n\t\t\t\t<div class=\"elementor-widget-container\">\n\t\t\t\t\t<div class=\"elementor-image\">\n\t\t\t\t\t\t\t\t\t\t<img loading=\"lazy\" decoding=\"async\" width=\"1270\" height=\"623\" src=\"https:\/\/sankyo.com.vn\/wp-content\/uploads\/2021\/03\/Group_8.png\" class=\"attachment-full size-full\" alt=\"\" srcset=\"https:\/\/sankyo.com.vn\/wp-content\/uploads\/2021\/03\/Group_8.png 1270w, https:\/\/sankyo.com.vn\/wp-content\/uploads\/2021\/03\/Group_8-800x392.png 800w, https:\/\/sankyo.com.vn\/wp-content\/uploads\/2021\/03\/Group_8-768x377.png 768w, https:\/\/sankyo.com.vn\/wp-content\/uploads\/2021\/03\/Group_8-510x250.png 510w\" sizes=\"auto, (max-width: 1270px) 100vw, 1270px\" \/>\t\t\t\t\t\t\t\t\t\t\t<\/div>\n\t\t\t\t<\/div>\n\t\t\t\t<\/div>\n\t\t\t\t\t<\/div>\n\t\t<\/div>\n\t\t\t\t<div class=\"elementor-column elementor-col-50 elementor-top-column elementor-element elementor-element-1b7f297\" data-id=\"1b7f297\" data-element_type=\"column\">\n\t\t\t<div class=\"elementor-widget-wrap elementor-element-populated\">\n\t\t\t\t\t\t\t\t<div class=\"elementor-element elementor-element-3375c99 elementor-widget__width-initial elementor-widget-tablet__width-inherit elementor-widget elementor-widget-text-editor\" data-id=\"3375c99\" data-element_type=\"widget\" data-widget_type=\"text-editor.default\">\n\t\t\t\t<div class=\"elementor-widget-container\">\n\t\t\t\t\t<div class=\"elementor-text-editor elementor-clearfix\"><h1><span style=\"color: #0058a6; font-size: 110%;\">XU\u1ea4T KH\u1ea8U<\/span><\/h1><p>B\u01b0\u1edbc \u0111\u1ea7u \u0111\u01b0a th\u01b0\u01a1ng hi\u1ec7u Sankyo \u0111\u1ebfn v\u1edbi th\u1ecb tr\u01b0\u1eddng qu\u1ed1c t\u1ebf, xu\u1ea5t kh\u1ea9u th\u00e0nh c\u00f4ng qu\u1ea1t \u0111i\u1ec7n Sankyo \u0111\u1ebfn nhi\u1ec1u n\u01b0\u1edbc trong khu v\u1ef1c Ch\u00e2u \u00c1 nh\u01b0 Myanmar, Srilanka,\u2026 N\u0103m 2019 Sankyo x\u00e2y d\u1ef1ng gian h\u00e0ng tr\u00ean s\u1ea3n TM\u0110T Alibaba.<\/p><p>Ch\u1ec9 trong h\u01a1n 2 n\u0103m ho\u1ea1t \u0111\u1ed9ng, Sankyo \u0111\u00e3 tr\u1edf th\u00e0nh nh\u00e0 xu\u1ea5t kh\u1ea9u h\u00e0ng \u0111\u1ea7u c\u1ee7a ng\u00e0nh h\u00e0ng \u0111\u1ed3 gia d\u1ee5ng tr\u00ean Alibaba<\/p><\/div>\n\t\t\t\t<\/div>\n\t\t\t\t<\/div>\n\t\t\t\t\t<\/div>\n\t\t<\/div>\n\t\t\t\t\t\t\t<\/div>\n\t\t<\/section>\n\t\t\t\t<section class=\"elementor-section elementor-top-section elementor-element elementor-element-799a435 elementor-section-boxed elementor-section-height-default elementor-section-height-default\" data-id=\"799a435\" data-element_type=\"section\">\n\t\t\t\t\t\t<div class=\"elementor-container elementor-column-gap-default\">\n\t\t\t\t\t<div class=\"elementor-column elementor-col-100 elementor-top-column elementor-element elementor-element-d8de936\" data-id=\"d8de936\" data-element_type=\"column\">\n\t\t\t<div class=\"elementor-widget-wrap elementor-element-populated\">\n\t\t\t\t\t\t\t\t<div class=\"elementor-element elementor-element-84831c4 elementor-widget elementor-widget-heading\" data-id=\"84831c4\" data-element_type=\"widget\" data-widget_type=\"heading.default\">\n\t\t\t\t<div class=\"elementor-widget-container\">\n\t\t\t<h1 class=\"elementor-heading-title elementor-size-default\"><b>\u0110\u1ed0I T\u00c1C<\/b><\/h1>\t\t<\/div>\n\t\t\t\t<\/div>\n\t\t\t\t<div class=\"elementor-element elementor-element-cf06839 elementor-arrows-position-outside elementor-widget elementor-widget-image-carousel\" data-id=\"cf06839\" data-element_type=\"widget\" data-settings=\"{&quot;slides_to_show&quot;:&quot;5&quot;,&quot;slides_to_scroll&quot;:&quot;1&quot;,&quot;navigation&quot;:&quot;arrows&quot;,&quot;image_spacing_custom&quot;:{&quot;unit&quot;:&quot;px&quot;,&quot;size&quot;:60,&quot;sizes&quot;:[]},&quot;speed&quot;:300,&quot;slides_to_show_mobile&quot;:&quot;2&quot;,&quot;autoplay&quot;:&quot;yes&quot;,&quot;pause_on_hover&quot;:&quot;yes&quot;,&quot;pause_on_interaction&quot;:&quot;yes&quot;,&quot;autoplay_speed&quot;:5000,&quot;infinite&quot;:&quot;yes&quot;}\" data-widget_type=\"image-carousel.default\">\n\t\t\t\t<div class=\"elementor-widget-container\">\n\t\t\t\t\t<div class=\"elementor-image-carousel-wrapper swiper-container\" dir=\"ltr\">\n\t\t\t<div class=\"elementor-image-carousel swiper-wrapper\">\n\t\t\t\t<div class=\"swiper-slide\"><figure class=\"swiper-slide-inner\"><img decoding=\"async\" class=\"swiper-slide-image\" src=\"https:\/\/sankyo.com.vn\/wp-content\/uploads\/2021\/03\/AI_Imagepsd.png\" alt=\"Co.opmart Logo\" \/><\/figure><\/div><div class=\"swiper-slide\"><figure class=\"swiper-slide-inner\"><img decoding=\"async\" class=\"swiper-slide-image\" src=\"https:\/\/sankyo.com.vn\/wp-content\/uploads\/2021\/03\/Rectangle_12.png\" alt=\"MacCoffee Logo\" \/><\/figure><\/div><div class=\"swiper-slide\"><figure class=\"swiper-slide-inner\"><img decoding=\"async\" class=\"swiper-slide-image\" src=\"https:\/\/sankyo.com.vn\/wp-content\/uploads\/2021\/03\/Rectangle_13.png\" alt=\"Queen Logo\" \/><\/figure><\/div><div class=\"swiper-slide\"><figure class=\"swiper-slide-inner\"><img decoding=\"async\" class=\"swiper-slide-image\" src=\"https:\/\/sankyo.com.vn\/wp-content\/uploads\/2021\/03\/Rectangle_11.png\" alt=\"GS Logo\" \/><\/figure><\/div><div class=\"swiper-slide\"><figure class=\"swiper-slide-inner\"><img decoding=\"async\" class=\"swiper-slide-image\" src=\"https:\/\/sankyo.com.vn\/wp-content\/uploads\/2021\/04\/tiki-slider.png\" alt=\"Tiki Logo\" \/><\/figure><\/div><div class=\"swiper-slide\"><figure class=\"swiper-slide-inner\"><img decoding=\"async\" class=\"swiper-slide-image\" src=\"\" alt=\"\" \/><\/figure><\/div>\t\t\t<\/div>\n\t\t\t\t\t\t\t\t\t\t\t\t\t\t\t\t<div class=\"elementor-swiper-button elementor-swiper-button-prev\">\n\t\t\t\t\t\t<i class=\"eicon-chevron-left\" aria-hidden=\"true\"><\/i>\n\t\t\t\t\t\t<span class=\"elementor-screen-only\">Previous<\/span>\n\t\t\t\t\t<\/div>\n\t\t\t\t\t<div class=\"elementor-swiper-button elementor-swiper-button-next\">\n\t\t\t\t\t\t<i class=\"eicon-chevron-right\" aria-hidden=\"true\"><\/i>\n\t\t\t\t\t\t<span class=\"elementor-screen-only\">Next<\/span>\n\t\t\t\t\t<\/div>\n\t\t\t\t\t\t\t\t\t<\/div>\n\t\t\t\t<\/div>\n\t\t\t\t<\/div>\n\t\t\t\t\t<\/div>\n\t\t<\/div>\n\t\t\t\t\t\t\t<\/div>\n\t\t<\/section>\n\t\t\t\t\t\t<\/div>\n\t\t\t\t\t<\/div>\n\t\t","protected":false},"excerpt":{"rendered":"<p>Image 97Image 17Image 1082tiki-slider2150<\/p>\n","protected":false},"author":1,"featured_media":0,"parent":0,"menu_order":0,"comment_status":"closed","ping_status":"closed","template":"","meta":{"footnotes":""},"class_list":["post-1515","page","type-page","status-publish","hentry"],"_links":{"self":[{"href":"https:\/\/sankyo.com.vn\/vi\/wp-json\/wp\/v2\/pages\/1515","targetHints":{"allow":["GET"]}}],"collection":[{"href":"https:\/\/sankyo.com.vn\/vi\/wp-json\/wp\/v2\/pages"}],"about":[{"href":"https:\/\/sankyo.com.vn\/vi\/wp-json\/wp\/v2\/types\/page"}],"author":[{"embeddable":true,"href":"https:\/\/sankyo.com.vn\/vi\/wp-json\/wp\/v2\/users\/1"}],"replies":[{"embeddable":true,"href":"https:\/\/sankyo.com.vn\/vi\/wp-json\/wp\/v2\/comments?post=1515"}],"version-history":[{"count":386,"href":"https:\/\/sankyo.com.vn\/vi\/wp-json\/wp\/v2\/pages\/1515\/revisions"}],"predecessor-version":[{"id":7720,"href":"https:\/\/sankyo.com.vn\/vi\/wp-json\/wp\/v2\/pages\/1515\/revisions\/7720"}],"wp:attachment":[{"href":"https:\/\/sankyo.com.vn\/vi\/wp-json\/wp\/v2\/media?parent=1515"}],"curies":[{"name":"wp","href":"https:\/\/api.w.org\/{rel}","templated":true}]}}