{"id":1460,"date":"2021-03-16T21:19:24","date_gmt":"2021-03-16T14:19:24","guid":{"rendered":"https:\/\/sankyo.com.vn\/?page_id=1460"},"modified":"2021-04-25T15:09:47","modified_gmt":"2021-04-25T08:09:47","slug":"lien-he","status":"publish","type":"page","link":"https:\/\/sankyo.com.vn\/vi\/lien-he\/","title":{"rendered":"Li\u00ean h\u1ec7"},"content":{"rendered":"\t\t<div data-elementor-type=\"wp-page\" data-elementor-id=\"1460\" class=\"elementor elementor-1460\" data-elementor-settings=\"[]\">\n\t\t\t\t\t\t\t<div class=\"elementor-section-wrap\">\n\t\t\t\t\t\t\t<section class=\"elementor-section elementor-top-section elementor-element elementor-element-573e58e elementor-section-full_width elementor-section-stretched elementor-section-height-default elementor-section-height-default\" data-id=\"573e58e\" data-element_type=\"section\" data-settings=\"{&quot;stretch_section&quot;:&quot;section-stretched&quot;}\">\n\t\t\t\t\t\t<div class=\"elementor-container elementor-column-gap-default\">\n\t\t\t\t\t<div class=\"elementor-column elementor-col-100 elementor-top-column elementor-element elementor-element-791eca0\" data-id=\"791eca0\" data-element_type=\"column\">\n\t\t\t<div class=\"elementor-widget-wrap elementor-element-populated\">\n\t\t\t\t\t\t\t\t<div class=\"elementor-element elementor-element-90d16d7 elementor-widget elementor-widget-image-carousel\" data-id=\"90d16d7\" data-element_type=\"widget\" data-settings=\"{&quot;slides_to_show&quot;:&quot;1&quot;,&quot;navigation&quot;:&quot;none&quot;,&quot;pause_on_hover&quot;:&quot;no&quot;,&quot;autoplay_speed&quot;:3000,&quot;autoplay&quot;:&quot;yes&quot;,&quot;pause_on_interaction&quot;:&quot;yes&quot;,&quot;infinite&quot;:&quot;yes&quot;,&quot;effect&quot;:&quot;slide&quot;,&quot;speed&quot;:500}\" data-widget_type=\"image-carousel.default\">\n\t\t\t\t<div class=\"elementor-widget-container\">\n\t\t\t\t\t<div class=\"elementor-image-carousel-wrapper swiper-container\" dir=\"ltr\">\n\t\t\t<div class=\"elementor-image-carousel swiper-wrapper\">\n\t\t\t\t<div class=\"swiper-slide\"><figure class=\"swiper-slide-inner\"><img decoding=\"async\" class=\"swiper-slide-image\" src=\"https:\/\/sankyo.com.vn\/wp-content\/uploads\/2021\/03\/Image-97.png\" alt=\"Image 97\" \/><\/figure><\/div>\t\t\t<\/div>\n\t\t\t\t\t<\/div>\n\t\t\t\t<\/div>\n\t\t\t\t<\/div>\n\t\t\t\t<section class=\"elementor-section elementor-inner-section elementor-element elementor-element-96bb1d3 elementor-section-boxed elementor-section-height-default elementor-section-height-default\" data-id=\"96bb1d3\" data-element_type=\"section\">\n\t\t\t\t\t\t<div class=\"elementor-container elementor-column-gap-default\">\n\t\t\t\t\t<div class=\"elementor-column elementor-col-100 elementor-inner-column elementor-element elementor-element-c1644c3\" data-id=\"c1644c3\" data-element_type=\"column\">\n\t\t\t<div class=\"elementor-widget-wrap elementor-element-populated\">\n\t\t\t\t\t\t\t\t<div class=\"elementor-element elementor-element-5d66cad elementor-widget elementor-widget-heading\" data-id=\"5d66cad\" data-element_type=\"widget\" data-widget_type=\"heading.default\">\n\t\t\t\t<div class=\"elementor-widget-container\">\n\t\t\t<h2 class=\"elementor-heading-title elementor-size-default\">Lie\u0302n h\u1eb9\u0302 & H\u00f4\u0303 tr\u01a1\u0323<\/h2>\t\t<\/div>\n\t\t\t\t<\/div>\n\t\t\t\t\t<\/div>\n\t\t<\/div>\n\t\t\t\t\t\t\t<\/div>\n\t\t<\/section>\n\t\t\t\t<section class=\"elementor-section elementor-inner-section elementor-element elementor-element-5efc00f elementor-hidden-phone elementor-section-boxed elementor-section-height-default elementor-section-height-default\" data-id=\"5efc00f\" data-element_type=\"section\">\n\t\t\t\t\t\t<div class=\"elementor-container elementor-column-gap-default\">\n\t\t\t\t\t<div class=\"elementor-column elementor-col-100 elementor-inner-column elementor-element elementor-element-452efe5\" data-id=\"452efe5\" data-element_type=\"column\">\n\t\t\t<div class=\"elementor-widget-wrap elementor-element-populated\">\n\t\t\t\t\t\t\t\t<div class=\"elementor-element elementor-element-d95d190 elementor-widget elementor-widget-heading\" data-id=\"d95d190\" data-element_type=\"widget\" data-widget_type=\"heading.default\">\n\t\t\t\t<div class=\"elementor-widget-container\">\n\t\t\t<h2 class=\"elementor-heading-title elementor-size-default\">V\u01a1\u0301i ma\u0323ng lu\u031b\u01a1\u0301i ca\u0301c \u0111a\u0323i ly\u0301 u\u0309y quy\u00ea\u0300n tre\u0302n toa\u0300n qu\u00f4\u0301c,<br\/> chu\u0301ng to\u0302i mang \u0111\u00ea\u0301n di\u0323ch vu\u0323 va\u0300 s\u01b0\u0323 h\u00f4\u0303 tr\u01a1\u0323 t\u00f4\u0301i u\u031bu cho <br\/>quy\u0301 kha\u0301ch ha\u0300ng.<\/h2>\t\t<\/div>\n\t\t\t\t<\/div>\n\t\t\t\t\t<\/div>\n\t\t<\/div>\n\t\t\t\t\t\t\t<\/div>\n\t\t<\/section>\n\t\t\t\t\t<\/div>\n\t\t<\/div>\n\t\t\t\t\t\t\t<\/div>\n\t\t<\/section>\n\t\t\t\t<section class=\"elementor-section elementor-top-section elementor-element elementor-element-df28054 elementor-section-boxed elementor-section-height-default elementor-section-height-default\" data-id=\"df28054\" data-element_type=\"section\">\n\t\t\t\t\t\t<div class=\"elementor-container elementor-column-gap-default\">\n\t\t\t\t\t<div class=\"elementor-column elementor-col-100 elementor-top-column elementor-element elementor-element-13a1220\" data-id=\"13a1220\" data-element_type=\"column\">\n\t\t\t<div class=\"elementor-widget-wrap elementor-element-populated\">\n\t\t\t\t\t\t\t\t<div class=\"elementor-element elementor-element-6cd1494 elementor-widget elementor-widget-heading\" data-id=\"6cd1494\" data-element_type=\"widget\" data-widget_type=\"heading.default\">\n\t\t\t\t<div class=\"elementor-widget-container\">\n\t\t\t<h2 class=\"elementor-heading-title elementor-size-default\">Ch\u00fang t\u00f4i c\u00f3 th\u1ec3 gi\u00fap g\u00ec cho b\u1ea1n?<\/h2>\t\t<\/div>\n\t\t\t\t<\/div>\n\t\t\t\t\t<\/div>\n\t\t<\/div>\n\t\t\t\t\t\t\t<\/div>\n\t\t<\/section>\n\t\t\t\t<section class=\"elementor-section elementor-top-section elementor-element elementor-element-8444966 elementor-section-boxed elementor-section-height-default elementor-section-height-default\" data-id=\"8444966\" data-element_type=\"section\">\n\t\t\t\t\t\t<div class=\"elementor-container elementor-column-gap-default\">\n\t\t\t\t\t<div class=\"elementor-column elementor-col-25 elementor-top-column elementor-element elementor-element-bd6ae75\" data-id=\"bd6ae75\" data-element_type=\"column\" data-settings=\"{&quot;background_background&quot;:&quot;classic&quot;}\">\n\t\t\t<div class=\"elementor-widget-wrap elementor-element-populated\">\n\t\t\t\t\t\t\t\t<div class=\"elementor-element elementor-element-7123958 elementor-position-top elementor-vertical-align-top elementor-widget elementor-widget-image-box\" data-id=\"7123958\" data-element_type=\"widget\" data-widget_type=\"image-box.default\">\n\t\t\t\t<div class=\"elementor-widget-container\">\n\t\t\t<div class=\"elementor-image-box-wrapper\"><figure class=\"elementor-image-box-img\"><a href=\"https:\/\/sankyo.com.vn\/vi\/chinh-sach\/?#warranty-policy\"><img loading=\"lazy\" decoding=\"async\" width=\"128\" height=\"125\" src=\"https:\/\/sankyo.com.vn\/wp-content\/uploads\/2021\/03\/Group-2.png\" class=\"attachment-full size-full\" alt=\"\" \/><\/a><\/figure><div class=\"elementor-image-box-content\"><h3 class=\"elementor-image-box-title\"><a href=\"https:\/\/sankyo.com.vn\/vi\/chinh-sach\/?#warranty-policy\">CH\u00cdNH S\u00c1CH B\u1ea2O H\u00c0NH<\/a><\/h3><p class=\"elementor-image-box-description\">Xem ch\u00ednh s\u00e1ch b\u1ea3o h\u00e0nh chi ti\u1ebft cho s\u1ea3n ph\u1ea9m c\u1ee7a b\u1ea1n<\/p><\/div><\/div>\t\t<\/div>\n\t\t\t\t<\/div>\n\t\t\t\t\t<\/div>\n\t\t<\/div>\n\t\t\t\t<div class=\"elementor-column elementor-col-25 elementor-top-column elementor-element elementor-element-3a8e660\" data-id=\"3a8e660\" data-element_type=\"column\" data-settings=\"{&quot;background_background&quot;:&quot;classic&quot;}\">\n\t\t\t<div class=\"elementor-widget-wrap elementor-element-populated\">\n\t\t\t\t\t\t\t\t<div class=\"elementor-element elementor-element-daecf10 elementor-position-top elementor-vertical-align-top elementor-widget elementor-widget-image-box\" data-id=\"daecf10\" data-element_type=\"widget\" data-widget_type=\"image-box.default\">\n\t\t\t\t<div class=\"elementor-widget-container\">\n\t\t\t<div class=\"elementor-image-box-wrapper\"><figure class=\"elementor-image-box-img\"><a href=\"https:\/\/sankyo.com.vn\/vi\/chinh-sach\/?#refund-policy\"><img loading=\"lazy\" decoding=\"async\" width=\"128\" height=\"117\" src=\"https:\/\/sankyo.com.vn\/wp-content\/uploads\/2021\/03\/Group-4.png\" class=\"attachment-full size-full\" alt=\"\" \/><\/a><\/figure><div class=\"elementor-image-box-content\"><h3 class=\"elementor-image-box-title\"><a href=\"https:\/\/sankyo.com.vn\/vi\/chinh-sach\/?#refund-policy\">CH\u00cdNH S\u00c1CH \u0110\u1ed4I TR\u1ea2<\/a><\/h3><p class=\"elementor-image-box-description\">Xem ch\u00ednh s\u00e1ch \u0111\u1ed5i tr\u1ea3 chi ti\u1ebft cho s\u1ea3n ph\u1ea9m c\u1ee7a b\u1ea1n<\/p><\/div><\/div>\t\t<\/div>\n\t\t\t\t<\/div>\n\t\t\t\t\t<\/div>\n\t\t<\/div>\n\t\t\t\t<div class=\"elementor-column elementor-col-25 elementor-top-column elementor-element elementor-element-4ca3d79\" data-id=\"4ca3d79\" data-element_type=\"column\" data-settings=\"{&quot;background_background&quot;:&quot;classic&quot;}\">\n\t\t\t<div class=\"elementor-widget-wrap elementor-element-populated\">\n\t\t\t\t\t\t\t\t<div class=\"elementor-element elementor-element-a772f41 elementor-position-top elementor-vertical-align-top elementor-widget elementor-widget-image-box\" data-id=\"a772f41\" data-element_type=\"widget\" data-widget_type=\"image-box.default\">\n\t\t\t\t<div class=\"elementor-widget-container\">\n\t\t\t<div class=\"elementor-image-box-wrapper\"><figure class=\"elementor-image-box-img\"><a href=\"https:\/\/sankyo.com.vn\/vi\/mua-hang\/\"><img decoding=\"async\" src=\"https:\/\/sankyo.com.vn\/wp-content\/uploads\/elementor\/thumbs\/Group-p5j71dzezq82ovxkht9vyq7cs4biizfpdn5od8jae4.png\" title=\"Group\" alt=\"Group\" \/><\/a><\/figure><div class=\"elementor-image-box-content\"><h3 class=\"elementor-image-box-title\"><a href=\"https:\/\/sankyo.com.vn\/vi\/mua-hang\/\">TRA C\u1ee8U \u0110I\u1ec2M MUA H\u00c0NG<\/a><\/h3><p class=\"elementor-image-box-description\">Xem v\u00e0 tra c\u1ee9u \u0111\u1ecba \u0111i\u1ec3m mua s\u1ea3n ph\u1ea9m Sankyo<\/p><\/div><\/div>\t\t<\/div>\n\t\t\t\t<\/div>\n\t\t\t\t\t<\/div>\n\t\t<\/div>\n\t\t\t\t<div class=\"elementor-column elementor-col-25 elementor-top-column elementor-element elementor-element-9a4d4bd\" data-id=\"9a4d4bd\" data-element_type=\"column\" data-settings=\"{&quot;background_background&quot;:&quot;classic&quot;}\">\n\t\t\t<div class=\"elementor-widget-wrap elementor-element-populated\">\n\t\t\t\t\t\t\t\t<div class=\"elementor-element elementor-element-9898dbc elementor-position-top elementor-vertical-align-top elementor-widget elementor-widget-image-box\" data-id=\"9898dbc\" data-element_type=\"widget\" data-widget_type=\"image-box.default\">\n\t\t\t\t<div class=\"elementor-widget-container\">\n\t\t\t<div class=\"elementor-image-box-wrapper\"><figure class=\"elementor-image-box-img\"><a href=\"https:\/\/sankyo.com.vn\/vi\/chinh-sach\/?#buying-guide\"><img loading=\"lazy\" decoding=\"async\" width=\"116\" height=\"129\" src=\"https:\/\/sankyo.com.vn\/wp-content\/uploads\/2021\/03\/Group-3.png\" class=\"attachment-full size-full\" alt=\"\" \/><\/a><\/figure><div class=\"elementor-image-box-content\"><h3 class=\"elementor-image-box-title\"><a href=\"https:\/\/sankyo.com.vn\/vi\/chinh-sach\/?#buying-guide\">H\u01af\u1edaNG D\u1eaaN S\u1eec D\u1ee4NG<\/a><\/h3><p class=\"elementor-image-box-description\">Xem v\u00e0 t\u1ea3i xu\u1ed1ng th\u00f4ng tin v\u1ec1 c\u00e1c s\u1ea3n ph\u1ea9m Sankyo<\/p><\/div><\/div>\t\t<\/div>\n\t\t\t\t<\/div>\n\t\t\t\t\t<\/div>\n\t\t<\/div>\n\t\t\t\t\t\t\t<\/div>\n\t\t<\/section>\n\t\t\t\t<section class=\"elementor-section elementor-top-section elementor-element elementor-element-b03b16b elementor-section-full_width elementor-section-height-min-height elementor-section-stretched elementor-section-height-default elementor-section-items-middle\" data-id=\"b03b16b\" data-element_type=\"section\" data-settings=\"{&quot;stretch_section&quot;:&quot;section-stretched&quot;}\">\n\t\t\t\t\t\t<div class=\"elementor-container elementor-column-gap-default\">\n\t\t\t\t\t<div class=\"elementor-column elementor-col-100 elementor-top-column elementor-element elementor-element-c09d109\" data-id=\"c09d109\" data-element_type=\"column\">\n\t\t\t<div class=\"elementor-widget-wrap elementor-element-populated\">\n\t\t\t\t\t\t\t\t<div class=\"elementor-element elementor-element-daf3155 elementor-widget elementor-widget-google_maps\" data-id=\"daf3155\" data-element_type=\"widget\" data-widget_type=\"google_maps.default\">\n\t\t\t\t<div class=\"elementor-widget-container\">\n\t\t\t<div class=\"elementor-custom-embed\"><iframe frameborder=\"0\" scrolling=\"no\" marginheight=\"0\" marginwidth=\"0\" src=\"https:\/\/maps.google.com\/maps?q=298%2F17-19%20Khuo%CC%82ng%20Vi%E1%BA%B9%CC%82t%2C%20P.Phu%CC%81%20Trung%2C%20Q.Ta%CC%82n%20Phu%CC%81%2C%20TP%20HCM&amp;t=m&amp;z=10&amp;output=embed&amp;iwloc=near\" title=\"298\/17-19 Khuo\u0302ng Vi\u1eb9\u0302t, P.Phu\u0301 Trung, Q.Ta\u0302n Phu\u0301, TP HCM\" aria-label=\"298\/17-19 Khuo\u0302ng Vi\u1eb9\u0302t, P.Phu\u0301 Trung, Q.Ta\u0302n Phu\u0301, TP HCM\"><\/iframe><\/div>\t\t<\/div>\n\t\t\t\t<\/div>\n\t\t\t\t\t<\/div>\n\t\t<\/div>\n\t\t\t\t\t\t\t<\/div>\n\t\t<\/section>\n\t\t\t\t<section class=\"elementor-section elementor-top-section elementor-element elementor-element-71f9470 elementor-section-height-min-height elementor-section-items-top elementor-section-content-middle elementor-hidden-phone elementor-section-boxed elementor-section-height-default\" data-id=\"71f9470\" data-element_type=\"section\">\n\t\t\t\t\t\t<div class=\"elementor-container elementor-column-gap-default\">\n\t\t\t\t\t<div class=\"elementor-column elementor-col-100 elementor-top-column elementor-element elementor-element-056e930\" data-id=\"056e930\" data-element_type=\"column\" data-settings=\"{&quot;background_background&quot;:&quot;classic&quot;}\">\n\t\t\t<div class=\"elementor-widget-wrap elementor-element-populated\">\n\t\t\t\t\t\t\t\t<div class=\"elementor-element elementor-element-34e1709 elementor-widget elementor-widget-heading\" data-id=\"34e1709\" data-element_type=\"widget\" data-widget_type=\"heading.default\">\n\t\t\t\t<div class=\"elementor-widget-container\">\n\t\t\t<h2 class=\"elementor-heading-title elementor-size-default\">LI\u00caN H\u1ec6 CH\u00daNG T\u00d4I<\/h2>\t\t<\/div>\n\t\t\t\t<\/div>\n\t\t\t\t<div class=\"elementor-element elementor-element-581a28e elementor-align-left elementor-list-item-link-full_width elementor-widget elementor-widget-icon-list\" data-id=\"581a28e\" data-element_type=\"widget\" data-widget_type=\"icon-list.default\">\n\t\t\t\t<div class=\"elementor-widget-container\">\n\t\t\t\t\t<ul class=\"elementor-icon-list-items\">\n\t\t\t\t\t\t\t<li class=\"elementor-icon-list-item\">\n\t\t\t\t\t\t\t\t\t\t\t<span class=\"elementor-icon-list-icon\">\n\t\t\t\t\t\t\t<i aria-hidden=\"true\" class=\"fas fa-map-marker-alt\"><\/i>\t\t\t\t\t\t<\/span>\n\t\t\t\t\t\t\t\t\t\t<span class=\"elementor-icon-list-text\">298\/17-19 Khu\u00f4ng Vi\u1ec7t, P.Ph\u00fa Trung,<br\/> Q.T\u00e2n Ph\u00fa,TP.HCM<\/span>\n\t\t\t\t\t\t\t\t\t<\/li>\n\t\t\t\t\t\t\t\t<li class=\"elementor-icon-list-item\">\n\t\t\t\t\t\t\t\t\t\t\t<span class=\"elementor-icon-list-icon\">\n\t\t\t\t\t\t\t<i aria-hidden=\"true\" class=\"fas fa-phone-volume\"><\/i>\t\t\t\t\t\t<\/span>\n\t\t\t\t\t\t\t\t\t\t<span class=\"elementor-icon-list-text\">024 3934 5151<\/span>\n\t\t\t\t\t\t\t\t\t<\/li>\n\t\t\t\t\t\t\t\t<li class=\"elementor-icon-list-item\">\n\t\t\t\t\t\t\t\t\t\t\t<span class=\"elementor-icon-list-icon\">\n\t\t\t\t\t\t\t<i aria-hidden=\"true\" class=\"fas fa-envelope\"><\/i>\t\t\t\t\t\t<\/span>\n\t\t\t\t\t\t\t\t\t\t<span class=\"elementor-icon-list-text\">hanhsanh@sankyo.com.vn <br\/>hanhsanh@yahoo.com.vn<\/span>\n\t\t\t\t\t\t\t\t\t<\/li>\n\t\t\t\t\t\t<\/ul>\n\t\t\t\t<\/div>\n\t\t\t\t<\/div>\n\t\t\t\t\t<\/div>\n\t\t<\/div>\n\t\t\t\t\t\t\t<\/div>\n\t\t<\/section>\n\t\t\t\t\t\t<\/div>\n\t\t\t\t\t<\/div>\n\t\t","protected":false},"excerpt":{"rendered":"<p>Image 97<\/p>\n","protected":false},"author":1,"featured_media":0,"parent":0,"menu_order":0,"comment_status":"closed","ping_status":"closed","template":"","meta":{"footnotes":""},"class_list":["post-1460","page","type-page","status-publish","hentry"],"_links":{"self":[{"href":"https:\/\/sankyo.com.vn\/vi\/wp-json\/wp\/v2\/pages\/1460","targetHints":{"allow":["GET"]}}],"collection":[{"href":"https:\/\/sankyo.com.vn\/vi\/wp-json\/wp\/v2\/pages"}],"about":[{"href":"https:\/\/sankyo.com.vn\/vi\/wp-json\/wp\/v2\/types\/page"}],"author":[{"embeddable":true,"href":"https:\/\/sankyo.com.vn\/vi\/wp-json\/wp\/v2\/users\/1"}],"replies":[{"embeddable":true,"href":"https:\/\/sankyo.com.vn\/vi\/wp-json\/wp\/v2\/comments?post=1460"}],"version-history":[{"count":431,"href":"https:\/\/sankyo.com.vn\/vi\/wp-json\/wp\/v2\/pages\/1460\/revisions"}],"predecessor-version":[{"id":7209,"href":"https:\/\/sankyo.com.vn\/vi\/wp-json\/wp\/v2\/pages\/1460\/revisions\/7209"}],"wp:attachment":[{"href":"https:\/\/sankyo.com.vn\/vi\/wp-json\/wp\/v2\/media?parent=1460"}],"curies":[{"name":"wp","href":"https:\/\/api.w.org\/{rel}","templated":true}]}}